{"id":3335,"date":"2025-07-24T00:02:14","date_gmt":"2025-07-23T22:02:14","guid":{"rendered":"https:\/\/savoie-argentine.org\/actualidad\/"},"modified":"2025-12-29T00:28:07","modified_gmt":"2025-12-28T23:28:07","slug":"actualidad","status":"publish","type":"page","link":"https:\/\/savoie-argentine.org\/es\/actualidad\/","title":{"rendered":"Actualidad"},"content":{"rendered":"\t\t<div data-elementor-type=\"wp-page\" data-elementor-id=\"3335\" class=\"elementor elementor-3335\">\n\t\t\t\t<div class=\"elementor-element elementor-element-2ba6482c e-flex e-con-boxed e-con e-parent\" data-id=\"2ba6482c\" data-element_type=\"container\" data-e-type=\"container\" data-settings=\"{&quot;background_background&quot;:&quot;classic&quot;}\">\n\t\t\t\t\t<div class=\"e-con-inner\">\n\t\t\t\t<div class=\"elementor-element elementor-element-19c4d153 elementor-widget elementor-widget-image\" data-id=\"19c4d153\" data-element_type=\"widget\" data-e-type=\"widget\" data-widget_type=\"image.default\">\n\t\t\t\t\t\t\t\t\t\t\t\t\t\t\t\t<a href=\"https:\/\/savoie-argentine.org\/wp-content\/uploads\/2025\/07\/actualites-1-scaled.webp\" data-elementor-open-lightbox=\"yes\" data-elementor-lightbox-title=\"noticias\" data-e-action-hash=\"#elementor-action%3Aaction%3Dlightbox%26settings%3DeyJpZCI6MzMzMywidXJsIjoiaHR0cHM6XC9cL3Nhdm9pZS1hcmdlbnRpbmUub3JnXC93cC1jb250ZW50XC91cGxvYWRzXC8yMDI1XC8wN1wvYWN0dWFsaXRlcy0xLXNjYWxlZC53ZWJwIn0%3D\">\n\t\t\t\t\t\t\t<img fetchpriority=\"high\" decoding=\"async\" width=\"1920\" height=\"977\" src=\"https:\/\/savoie-argentine.org\/wp-content\/uploads\/2025\/07\/actualites-1-scaled.webp\" class=\"elementor-animation-bounce-in attachment-full size-full wp-image-3333\" alt=\"\" srcset=\"https:\/\/savoie-argentine.org\/wp-content\/uploads\/2025\/07\/actualites-1-scaled.webp 1920w, https:\/\/savoie-argentine.org\/wp-content\/uploads\/2025\/07\/actualites-1-300x153.webp 300w, https:\/\/savoie-argentine.org\/wp-content\/uploads\/2025\/07\/actualites-1-1024x521.webp 1024w, https:\/\/savoie-argentine.org\/wp-content\/uploads\/2025\/07\/actualites-1-768x391.webp 768w, https:\/\/savoie-argentine.org\/wp-content\/uploads\/2025\/07\/actualites-1-1536x781.webp 1536w, https:\/\/savoie-argentine.org\/wp-content\/uploads\/2025\/07\/actualites-1-1320x671.webp 1320w\" sizes=\"(max-width: 1920px) 100vw, 1920px\" \/>\t\t\t\t\t\t\t\t<\/a>\n\t\t\t\t\t\t\t\t\t\t\t\t\t\t\t<\/div>\n\t\t\t\t\t<\/div>\n\t\t\t\t<\/div>\n\t\t<div class=\"elementor-element elementor-element-4351143 e-flex e-con-boxed e-con e-parent\" data-id=\"4351143\" data-element_type=\"container\" data-e-type=\"container\">\n\t\t\t\t\t<div class=\"e-con-inner\">\n\t\t\t\t<div class=\"elementor-element elementor-element-30464f2 elementor-widget elementor-widget-text-editor\" data-id=\"30464f2\" data-element_type=\"widget\" data-e-type=\"widget\" data-widget_type=\"text-editor.default\">\n\t\t\t\t\t\t\t\t\t<p>\u00bfDesea proponer un art\u00edculo para esta p\u00e1gina? <a href=\"https:\/\/savoie-argentine.org\/es\/contactenos\/escribir-un-articulo\/\" target=\"_blank\" rel=\"noopener\"><span style=\"text-decoration: underline;\">es aqu\u00ed &gt;&gt;&gt;<\/span><\/a><\/p>\t\t\t\t\t\t\t\t<\/div>\n\t\t\t\t\t<\/div>\n\t\t\t\t<\/div>\n\t\t<div class=\"elementor-element elementor-element-aebaaf5 e-flex e-con-boxed e-con e-parent\" data-id=\"aebaaf5\" data-element_type=\"container\" data-e-type=\"container\">\n\t\t\t\t\t<div class=\"e-con-inner\">\n\t\t\t\t\t<\/div>\n\t\t\t\t<\/div>\n\t\t\t\t<\/div>\n\t\t","protected":false},"excerpt":{"rendered":"<p>\u00bfDesea proponer un art\u00edculo para esta p\u00e1gina? es aqu\u00ed &gt;&gt;&gt; Articles Actualit\u00e9s Villa Elisa&nbsp;: fin d\u2019ann\u00e9e et expositions&nbsp;! Le moment le plus attendu pour partager les fruits du travail r\u00e9alis\u00e9. Le moment tant attendu de partager les fruits du travail accompli &#8230;Lire La Suite\u2026 20 d\u00e9cembre 2025 \/ didier74 \/ Aucun commentaire sur Villa Elisa&nbsp;: [&hellip;]<\/p>\n","protected":false},"author":1,"featured_media":3334,"parent":0,"menu_order":0,"comment_status":"closed","ping_status":"closed","template":"","meta":{"iawp_total_views":0,"footnotes":""},"folder":[],"class_list":["post-3335","page","type-page","status-publish","has-post-thumbnail","hentry"],"_links":{"self":[{"href":"https:\/\/savoie-argentine.org\/es\/wp-json\/wp\/v2\/pages\/3335","targetHints":{"allow":["GET"]}}],"collection":[{"href":"https:\/\/savoie-argentine.org\/es\/wp-json\/wp\/v2\/pages"}],"about":[{"href":"https:\/\/savoie-argentine.org\/es\/wp-json\/wp\/v2\/types\/page"}],"author":[{"embeddable":true,"href":"https:\/\/savoie-argentine.org\/es\/wp-json\/wp\/v2\/users\/1"}],"replies":[{"embeddable":true,"href":"https:\/\/savoie-argentine.org\/es\/wp-json\/wp\/v2\/comments?post=3335"}],"version-history":[{"count":27,"href":"https:\/\/savoie-argentine.org\/es\/wp-json\/wp\/v2\/pages\/3335\/revisions"}],"predecessor-version":[{"id":4105,"href":"https:\/\/savoie-argentine.org\/es\/wp-json\/wp\/v2\/pages\/3335\/revisions\/4105"}],"wp:featuredmedia":[{"embeddable":true,"href":"https:\/\/savoie-argentine.org\/es\/wp-json\/wp\/v2\/media\/3334"}],"wp:attachment":[{"href":"https:\/\/savoie-argentine.org\/es\/wp-json\/wp\/v2\/media?parent=3335"}],"wp:term":[{"taxonomy":"folder","embeddable":true,"href":"https:\/\/savoie-argentine.org\/es\/wp-json\/wp\/v2\/folder?post=3335"}],"curies":[{"name":"wp","href":"https:\/\/api.w.org\/{rel}","templated":true}]}}