{"id":3363,"date":"2025-07-24T16:00:50","date_gmt":"2025-07-24T14:00:50","guid":{"rendered":"https:\/\/savoie-argentine.org\/adhesion-renovacion\/"},"modified":"2026-01-31T19:38:59","modified_gmt":"2026-01-31T18:38:59","slug":"adhesion-renovacion","status":"publish","type":"page","link":"https:\/\/savoie-argentine.org\/es\/contactenos\/adhesion-renovacion\/","title":{"rendered":"Adhesi\u00f3n \/ Renovaci\u00f3n"},"content":{"rendered":"\t\t<div data-elementor-type=\"wp-page\" data-elementor-id=\"3363\" class=\"elementor elementor-3363 elementor-364\">\n\t\t\t\t<div class=\"elementor-element elementor-element-5c27c36c e-transform e-transform e-flex e-con-boxed e-con e-parent\" data-id=\"5c27c36c\" data-element_type=\"container\" data-e-type=\"container\" data-settings=\"{&quot;background_background&quot;:&quot;classic&quot;,&quot;_transform_translateX_effect&quot;:{&quot;unit&quot;:&quot;px&quot;,&quot;size&quot;:207,&quot;sizes&quot;:[]},&quot;_transform_scale_effect&quot;:{&quot;unit&quot;:&quot;px&quot;,&quot;size&quot;:0.5,&quot;sizes&quot;:[]},&quot;_transform_translateX_effect_tablet&quot;:{&quot;unit&quot;:&quot;px&quot;,&quot;size&quot;:&quot;&quot;,&quot;sizes&quot;:[]},&quot;_transform_translateX_effect_mobile&quot;:{&quot;unit&quot;:&quot;px&quot;,&quot;size&quot;:&quot;&quot;,&quot;sizes&quot;:[]},&quot;_transform_translateY_effect&quot;:{&quot;unit&quot;:&quot;px&quot;,&quot;size&quot;:&quot;&quot;,&quot;sizes&quot;:[]},&quot;_transform_translateY_effect_tablet&quot;:{&quot;unit&quot;:&quot;px&quot;,&quot;size&quot;:&quot;&quot;,&quot;sizes&quot;:[]},&quot;_transform_translateY_effect_mobile&quot;:{&quot;unit&quot;:&quot;px&quot;,&quot;size&quot;:&quot;&quot;,&quot;sizes&quot;:[]},&quot;_transform_scale_effect_tablet&quot;:{&quot;unit&quot;:&quot;px&quot;,&quot;size&quot;:&quot;&quot;,&quot;sizes&quot;:[]},&quot;_transform_scale_effect_mobile&quot;:{&quot;unit&quot;:&quot;px&quot;,&quot;size&quot;:&quot;&quot;,&quot;sizes&quot;:[]}}\">\n\t\t\t\t\t<div class=\"e-con-inner\">\n\t\t\t\t<div class=\"elementor-element elementor-element-541bc1f8 elementor-widget elementor-widget-image\" data-id=\"541bc1f8\" data-element_type=\"widget\" data-e-type=\"widget\" data-widget_type=\"image.default\">\n\t\t\t\t\t\t\t\t\t\t\t\t\t\t\t\t<a href=\"https:\/\/savoie-argentine.org\/wp-content\/uploads\/2025\/09\/02_adhesion.png\" data-elementor-open-lightbox=\"yes\" data-elementor-lightbox-title=\"02_adhesion\" data-e-action-hash=\"#elementor-action%3Aaction%3Dlightbox%26settings%3DeyJpZCI6MzM2OSwidXJsIjoiaHR0cHM6XC9cL3Nhdm9pZS1hcmdlbnRpbmUub3JnXC93cC1jb250ZW50XC91cGxvYWRzXC8yMDI1XC8wOVwvMDJfYWRoZXNpb24ucG5nIn0%3D\">\n\t\t\t\t\t\t\t<img fetchpriority=\"high\" decoding=\"async\" width=\"1024\" height=\"576\" src=\"https:\/\/savoie-argentine.org\/wp-content\/uploads\/2025\/09\/02_adhesion.png\" class=\"elementor-animation-bounce-in attachment-full size-full wp-image-3369\" alt=\"\" srcset=\"https:\/\/savoie-argentine.org\/wp-content\/uploads\/2025\/09\/02_adhesion.png 1024w, https:\/\/savoie-argentine.org\/wp-content\/uploads\/2025\/09\/02_adhesion-300x169.png 300w, https:\/\/savoie-argentine.org\/wp-content\/uploads\/2025\/09\/02_adhesion-768x432.png 768w\" sizes=\"(max-width: 1024px) 100vw, 1024px\" \/>\t\t\t\t\t\t\t\t<\/a>\n\t\t\t\t\t\t\t\t\t\t\t\t\t\t\t<\/div>\n\t\t\t\t\t<\/div>\n\t\t\t\t<\/div>\n\t\t<div class=\"elementor-element elementor-element-fc9049d e-flex e-con-boxed e-con e-parent\" data-id=\"fc9049d\" data-element_type=\"container\" data-e-type=\"container\">\n\t\t\t\t\t<div class=\"e-con-inner\">\n\t\t\t\t<div class=\"elementor-element elementor-element-735919f elementor-widget elementor-widget-heading\" data-id=\"735919f\" data-element_type=\"widget\" data-e-type=\"widget\" data-widget_type=\"heading.default\">\n\t\t\t\t\t<h4 class=\"elementor-heading-title elementor-size-default\">Adhesi\u00f3n \/ Renovaci\u00f3n Adhesi\u00f3n<\/h4>\t\t\t\t<\/div>\n\t\t\t\t\t<\/div>\n\t\t\t\t<\/div>\n\t\t<div class=\"elementor-element elementor-element-aba2db3 e-flex e-con-boxed e-con e-parent\" data-id=\"aba2db3\" data-element_type=\"container\" data-e-type=\"container\">\n\t\t\t\t\t<div class=\"e-con-inner\">\n\t\t\t\t<div class=\"elementor-element elementor-element-590252d elementor-widget elementor-widget-text-editor\" data-id=\"590252d\" data-element_type=\"widget\" data-e-type=\"widget\" data-widget_type=\"text-editor.default\">\n\t\t\t\t\t\t\t\t\t<p>Al adherirse a la asociaci\u00f3n Savoie Argentine, contribuye a mantener el deber de memoria debido a nuestros antepasados que tuvieron el coraje de dejar definitivamente nuestra hermosa regi\u00f3n para encontrar mejores condiciones de vida en Argentina durante la segunda mitad del siglo XIX.<\/p>\t\t\t\t\t\t\t\t<\/div>\n\t\t\t\t\t<\/div>\n\t\t\t\t<\/div>\n\t\t<div class=\"elementor-element elementor-element-db80082 e-flex e-con-boxed e-con e-parent\" data-id=\"db80082\" data-element_type=\"container\" data-e-type=\"container\">\n\t\t\t\t\t<div class=\"e-con-inner\">\n\t\t\t\t<div class=\"elementor-element elementor-element-7d9c8fd elementor-widget elementor-widget-read-more\" data-id=\"7d9c8fd\" data-element_type=\"widget\" data-e-type=\"widget\" data-widget_type=\"read-more.default\">\n\t\t\t\t\t<\/div><\/div><\/div><\/div> <a href=\"https:\/\/savoie-argentine.org\/es\/contactenos\/adhesion-renovacion\/\" class=\"more-link elementor-more-link\"><span aria-label=\"Sigue leyendo Adhesi\u00f3n \/ Renovaci\u00f3n\">Seguir leyendo<\/span><\/a>","protected":false},"excerpt":{"rendered":"<p>Adhesi\u00f3n \/ Renovaci\u00f3n Adhesi\u00f3n Al adherirse a la asociaci\u00f3n Savoie Argentine, contribuye a mantener el deber de memoria debido a nuestros antepasados que tuvieron el coraje de dejar definitivamente nuestra hermosa regi\u00f3n para encontrar mejores condiciones de vida en Argentina durante la segunda mitad del siglo XIX.<\/p>\n","protected":false},"author":1,"featured_media":0,"parent":3438,"menu_order":0,"comment_status":"closed","ping_status":"closed","template":"","meta":{"iawp_total_views":2,"footnotes":""},"folder":[],"class_list":["post-3363","page","type-page","status-publish","hentry"],"_links":{"self":[{"href":"https:\/\/savoie-argentine.org\/es\/wp-json\/wp\/v2\/pages\/3363","targetHints":{"allow":["GET"]}}],"collection":[{"href":"https:\/\/savoie-argentine.org\/es\/wp-json\/wp\/v2\/pages"}],"about":[{"href":"https:\/\/savoie-argentine.org\/es\/wp-json\/wp\/v2\/types\/page"}],"author":[{"embeddable":true,"href":"https:\/\/savoie-argentine.org\/es\/wp-json\/wp\/v2\/users\/1"}],"replies":[{"embeddable":true,"href":"https:\/\/savoie-argentine.org\/es\/wp-json\/wp\/v2\/comments?post=3363"}],"version-history":[{"count":5,"href":"https:\/\/savoie-argentine.org\/es\/wp-json\/wp\/v2\/pages\/3363\/revisions"}],"predecessor-version":[{"id":5938,"href":"https:\/\/savoie-argentine.org\/es\/wp-json\/wp\/v2\/pages\/3363\/revisions\/5938"}],"up":[{"embeddable":true,"href":"https:\/\/savoie-argentine.org\/es\/wp-json\/wp\/v2\/pages\/3438"}],"wp:attachment":[{"href":"https:\/\/savoie-argentine.org\/es\/wp-json\/wp\/v2\/media?parent=3363"}],"wp:term":[{"taxonomy":"folder","embeddable":true,"href":"https:\/\/savoie-argentine.org\/es\/wp-json\/wp\/v2\/folder?post=3363"}],"curies":[{"name":"wp","href":"https:\/\/api.w.org\/{rel}","templated":true}]}}