{"id":3376,"date":"2025-09-30T20:58:12","date_gmt":"2025-09-30T18:58:12","guid":{"rendered":"https:\/\/savoie-argentine.org\/adhesion-por-internet\/"},"modified":"2026-01-31T20:37:15","modified_gmt":"2026-01-31T19:37:15","slug":"adhesion-por-internet","status":"publish","type":"page","link":"https:\/\/savoie-argentine.org\/es\/contactenos\/adhesion-por-internet\/","title":{"rendered":"Adhesi\u00f3n por Internet"},"content":{"rendered":"\t\t<div data-elementor-type=\"wp-page\" data-elementor-id=\"3376\" class=\"elementor elementor-3376 elementor-2224\">\n\t\t\t\t<div class=\"elementor-element elementor-element-1af1ff7f e-transform e-transform e-flex e-con-boxed e-con e-parent\" data-id=\"1af1ff7f\" data-element_type=\"container\" data-e-type=\"container\" data-settings=\"{&quot;background_background&quot;:&quot;classic&quot;,&quot;_transform_translateX_effect&quot;:{&quot;unit&quot;:&quot;px&quot;,&quot;size&quot;:207,&quot;sizes&quot;:[]},&quot;_transform_scale_effect&quot;:{&quot;unit&quot;:&quot;px&quot;,&quot;size&quot;:0.5,&quot;sizes&quot;:[]},&quot;_transform_translateX_effect_tablet&quot;:{&quot;unit&quot;:&quot;px&quot;,&quot;size&quot;:&quot;&quot;,&quot;sizes&quot;:[]},&quot;_transform_translateX_effect_mobile&quot;:{&quot;unit&quot;:&quot;px&quot;,&quot;size&quot;:&quot;&quot;,&quot;sizes&quot;:[]},&quot;_transform_translateY_effect&quot;:{&quot;unit&quot;:&quot;px&quot;,&quot;size&quot;:&quot;&quot;,&quot;sizes&quot;:[]},&quot;_transform_translateY_effect_tablet&quot;:{&quot;unit&quot;:&quot;px&quot;,&quot;size&quot;:&quot;&quot;,&quot;sizes&quot;:[]},&quot;_transform_translateY_effect_mobile&quot;:{&quot;unit&quot;:&quot;px&quot;,&quot;size&quot;:&quot;&quot;,&quot;sizes&quot;:[]},&quot;_transform_scale_effect_tablet&quot;:{&quot;unit&quot;:&quot;px&quot;,&quot;size&quot;:&quot;&quot;,&quot;sizes&quot;:[]},&quot;_transform_scale_effect_mobile&quot;:{&quot;unit&quot;:&quot;px&quot;,&quot;size&quot;:&quot;&quot;,&quot;sizes&quot;:[]}}\">\n\t\t\t\t\t<div class=\"e-con-inner\">\n\t\t\t\t<div class=\"elementor-element elementor-element-7d8ba421 elementor-widget elementor-widget-image\" data-id=\"7d8ba421\" data-element_type=\"widget\" data-e-type=\"widget\" data-widget_type=\"image.default\">\n\t\t\t\t\t\t\t\t\t\t\t\t\t\t\t\t<a href=\"https:\/\/savoie-argentine.org\/wp-content\/uploads\/2025\/07\/helloasso.png\" data-elementor-open-lightbox=\"yes\" data-elementor-lightbox-title=\"helloasso\" data-e-action-hash=\"#elementor-action%3Aaction%3Dlightbox%26settings%3DeyJpZCI6MzM3OCwidXJsIjoiaHR0cHM6XC9cL3Nhdm9pZS1hcmdlbnRpbmUub3JnXC93cC1jb250ZW50XC91cGxvYWRzXC8yMDI1XC8wN1wvaGVsbG9hc3NvLnBuZyJ9\">\n\t\t\t\t\t\t\t<img fetchpriority=\"high\" decoding=\"async\" width=\"962\" height=\"349\" src=\"https:\/\/savoie-argentine.org\/wp-content\/uploads\/2025\/07\/helloasso.png\" class=\"elementor-animation-bounce-in attachment-full size-full wp-image-3378\" alt=\"\" srcset=\"https:\/\/savoie-argentine.org\/wp-content\/uploads\/2025\/07\/helloasso.png 962w, https:\/\/savoie-argentine.org\/wp-content\/uploads\/2025\/07\/helloasso-300x109.png 300w, https:\/\/savoie-argentine.org\/wp-content\/uploads\/2025\/07\/helloasso-768x279.png 768w\" sizes=\"(max-width: 962px) 100vw, 962px\" \/>\t\t\t\t\t\t\t\t<\/a>\n\t\t\t\t\t\t\t\t\t\t\t\t\t\t\t<\/div>\n\t\t\t\t\t<\/div>\n\t\t\t\t<\/div>\n\t\t<div class=\"elementor-element elementor-element-8a3d8a9 e-flex e-con-boxed e-con e-parent\" data-id=\"8a3d8a9\" data-element_type=\"container\" data-e-type=\"container\" data-settings=\"{&quot;background_background&quot;:&quot;classic&quot;}\">\n\t\t\t\t\t<div class=\"e-con-inner\">\n\t\t\t\t<div class=\"elementor-element elementor-element-2f5f111 elementor-widget elementor-widget-heading\" data-id=\"2f5f111\" data-element_type=\"widget\" data-e-type=\"widget\" data-widget_type=\"heading.default\">\n\t\t\t\t\t<h3 class=\"elementor-heading-title elementor-size-default\">IMPORTANTE<\/h3>\t\t\t\t<\/div>\n\t\t\t\t\t<\/div>\n\t\t\t\t<\/div>\n\t\t<div class=\"elementor-element elementor-element-6a3a9d8 e-flex e-con-boxed e-con e-parent\" data-id=\"6a3a9d8\" data-element_type=\"container\" data-e-type=\"container\" data-settings=\"{&quot;background_background&quot;:&quot;classic&quot;}\">\n\t\t\t\t\t<div class=\"e-con-inner\">\n\t\t\t\t<div class=\"elementor-element elementor-element-9a4697a elementor-widget elementor-widget-image\" data-id=\"9a4697a\" data-element_type=\"widget\" data-e-type=\"widget\" data-widget_type=\"image.default\">\n\t\t\t\t\t\t\t\t\t\t\t\t\t\t\t<img decoding=\"async\" width=\"803\" height=\"119\" src=\"https:\/\/savoie-argentine.org\/wp-content\/uploads\/2025\/10\/contribution.jpg\" class=\"attachment-large size-large wp-image-3377\" alt=\"\" srcset=\"https:\/\/savoie-argentine.org\/wp-content\/uploads\/2025\/10\/contribution.jpg 803w, https:\/\/savoie-argentine.org\/wp-content\/uploads\/2025\/10\/contribution-300x44.jpg 300w, https:\/\/savoie-argentine.org\/wp-content\/uploads\/2025\/10\/contribution-768x114.jpg 768w\" sizes=\"(max-width: 803px) 100vw, 803px\" \/>\t\t\t\t\t\t\t\t\t\t\t\t\t\t\t<\/div>\n\t\t\t\t\t<\/div>\n\t\t\t\t<\/div>\n\t\t<div class=\"elementor-element elementor-element-9aba460 e-flex e-con-boxed e-con e-parent\" data-id=\"9aba460\" data-element_type=\"container\" data-e-type=\"container\" data-settings=\"{&quot;background_background&quot;:&quot;classic&quot;}\">\n\t\t\t\t\t<div class=\"e-con-inner\">\n\t\t\t\t<div class=\"elementor-element elementor-element-a50ac16 elementor-widget elementor-widget-text-editor\" data-id=\"a50ac16\" data-element_type=\"widget\" data-e-type=\"widget\" data-widget_type=\"text-editor.default\">\n\t\t\t\t\t\t\t\t\t<p>Dado que Helloasso es una aplicaci\u00f3n gratuita para asociaciones, en la tercera p\u00e1gina se le propone contribuir a su funcionamiento, que es su \u00fanico medio de remuneraci\u00f3n.<\/p><p>Podr\u00e1 modificar o cancelar esta cantidad haciendo clic en \u00ab<span style=\"text-decoration: underline;\"><span style=\"color: #ff6600; text-decoration: underline;\">Modificar mi contribuci\u00f3n<\/span><\/span>\u00ab<\/p>\t\t\t\t\t\t\t\t<\/div>\n\t\t\t\t\t<\/div>\n\t\t\t\t<\/div>\n\t\t<div class=\"elementor-element elementor-element-f679e8c e-flex e-con-boxed e-con e-parent\" data-id=\"f679e8c\" data-element_type=\"container\" data-e-type=\"container\">\n\t\t\t\t\t<div class=\"e-con-inner\">\n\t\t\t\t<div class=\"elementor-element elementor-element-44c4d62 elementor-widget elementor-widget-text-editor\" data-id=\"44c4d62\" data-element_type=\"widget\" data-e-type=\"widget\" data-widget_type=\"text-editor.default\">\n\t\t\t\t\t\t\t\t\t<iframe id=\"haWidget\" allowtransparency=\"true\" src=\"https:\/\/www.helloasso.com\/associations\/savoie-argentine\/adhesions\/adhesion-a-savoie-argentine\/widget\" style=\"width: 100%; border: none; height:2000px;\" onload=\"window.addEventListener('message', function(e) {          const dataHeight = e.data.height;          const haWidgetElement = document.getElementById('haWidget');          \/\/ minimum 2000px         haWidgetElement.style.height = Math.max(dataHeight, 2000) + 'px';      })\">\n<\/iframe>\n\t\t\t\t\t\t\t\t<\/div>\n\t\t\t\t\t<\/div>\n\t\t\t\t<\/div>\n\t\t\t\t<\/div>\n\t\t","protected":false},"excerpt":{"rendered":"<p>IMPORTANTE Dado que Helloasso es una aplicaci\u00f3n gratuita para asociaciones, en la tercera p\u00e1gina se le propone contribuir a su funcionamiento, que es su \u00fanico medio de remuneraci\u00f3n. Podr\u00e1 modificar o cancelar esta cantidad haciendo clic en \u00abModificar mi contribuci\u00f3n\u00bb<\/p>\n","protected":false},"author":1,"featured_media":3378,"parent":3438,"menu_order":0,"comment_status":"closed","ping_status":"closed","template":"","meta":{"iawp_total_views":9,"footnotes":""},"folder":[],"class_list":["post-3376","page","type-page","status-publish","has-post-thumbnail","hentry"],"_links":{"self":[{"href":"https:\/\/savoie-argentine.org\/es\/wp-json\/wp\/v2\/pages\/3376","targetHints":{"allow":["GET"]}}],"collection":[{"href":"https:\/\/savoie-argentine.org\/es\/wp-json\/wp\/v2\/pages"}],"about":[{"href":"https:\/\/savoie-argentine.org\/es\/wp-json\/wp\/v2\/types\/page"}],"author":[{"embeddable":true,"href":"https:\/\/savoie-argentine.org\/es\/wp-json\/wp\/v2\/users\/1"}],"replies":[{"embeddable":true,"href":"https:\/\/savoie-argentine.org\/es\/wp-json\/wp\/v2\/comments?post=3376"}],"version-history":[{"count":5,"href":"https:\/\/savoie-argentine.org\/es\/wp-json\/wp\/v2\/pages\/3376\/revisions"}],"predecessor-version":[{"id":5950,"href":"https:\/\/savoie-argentine.org\/es\/wp-json\/wp\/v2\/pages\/3376\/revisions\/5950"}],"up":[{"embeddable":true,"href":"https:\/\/savoie-argentine.org\/es\/wp-json\/wp\/v2\/pages\/3438"}],"wp:featuredmedia":[{"embeddable":true,"href":"https:\/\/savoie-argentine.org\/es\/wp-json\/wp\/v2\/media\/3378"}],"wp:attachment":[{"href":"https:\/\/savoie-argentine.org\/es\/wp-json\/wp\/v2\/media?parent=3376"}],"wp:term":[{"taxonomy":"folder","embeddable":true,"href":"https:\/\/savoie-argentine.org\/es\/wp-json\/wp\/v2\/folder?post=3376"}],"curies":[{"name":"wp","href":"https:\/\/api.w.org\/{rel}","templated":true}]}}