{"id":3407,"date":"2025-07-23T22:30:35","date_gmt":"2025-07-23T20:30:35","guid":{"rendered":"https:\/\/savoie-argentine.org\/escribir-un-articulo\/"},"modified":"2026-01-31T19:42:50","modified_gmt":"2026-01-31T18:42:50","slug":"escribir-un-articulo","status":"publish","type":"page","link":"https:\/\/savoie-argentine.org\/es\/contactenos\/escribir-un-articulo\/","title":{"rendered":"Escribir un art\u00edculo"},"content":{"rendered":"\t\t<div data-elementor-type=\"wp-page\" data-elementor-id=\"3407\" class=\"elementor elementor-3407 elementor-244\">\n\t\t\t\t<div class=\"elementor-element elementor-element-2af0558c e-transform e-transform e-flex e-con-boxed e-con e-parent\" data-id=\"2af0558c\" data-element_type=\"container\" data-e-type=\"container\" data-settings=\"{&quot;background_background&quot;:&quot;classic&quot;,&quot;_transform_translateX_effect&quot;:{&quot;unit&quot;:&quot;px&quot;,&quot;size&quot;:207,&quot;sizes&quot;:[]},&quot;_transform_scale_effect&quot;:{&quot;unit&quot;:&quot;px&quot;,&quot;size&quot;:0.5,&quot;sizes&quot;:[]},&quot;_transform_translateX_effect_tablet&quot;:{&quot;unit&quot;:&quot;px&quot;,&quot;size&quot;:&quot;&quot;,&quot;sizes&quot;:[]},&quot;_transform_translateX_effect_mobile&quot;:{&quot;unit&quot;:&quot;px&quot;,&quot;size&quot;:&quot;&quot;,&quot;sizes&quot;:[]},&quot;_transform_translateY_effect&quot;:{&quot;unit&quot;:&quot;px&quot;,&quot;size&quot;:&quot;&quot;,&quot;sizes&quot;:[]},&quot;_transform_translateY_effect_tablet&quot;:{&quot;unit&quot;:&quot;px&quot;,&quot;size&quot;:&quot;&quot;,&quot;sizes&quot;:[]},&quot;_transform_translateY_effect_mobile&quot;:{&quot;unit&quot;:&quot;px&quot;,&quot;size&quot;:&quot;&quot;,&quot;sizes&quot;:[]},&quot;_transform_scale_effect_tablet&quot;:{&quot;unit&quot;:&quot;px&quot;,&quot;size&quot;:&quot;&quot;,&quot;sizes&quot;:[]},&quot;_transform_scale_effect_mobile&quot;:{&quot;unit&quot;:&quot;px&quot;,&quot;size&quot;:&quot;&quot;,&quot;sizes&quot;:[]}}\">\n\t\t\t\t\t<div class=\"e-con-inner\">\n\t\t\t\t<div class=\"elementor-element elementor-element-251fe131 elementor-widget elementor-widget-image\" data-id=\"251fe131\" data-element_type=\"widget\" data-e-type=\"widget\" data-widget_type=\"image.default\">\n\t\t\t\t\t\t\t\t\t\t\t\t\t\t\t\t<a href=\"https:\/\/savoie-argentine.org\/wp-content\/uploads\/2025\/09\/03_ecrire_article.png\" data-elementor-open-lightbox=\"yes\" data-elementor-lightbox-title=\"03_escribir_articulo\" data-e-action-hash=\"#elementor-action%3Aaction%3Dlightbox%26settings%3DeyJpZCI6MzQxMCwidXJsIjoiaHR0cHM6XC9cL3Nhdm9pZS1hcmdlbnRpbmUub3JnXC93cC1jb250ZW50XC91cGxvYWRzXC8yMDI1XC8wOVwvMDNfZWNyaXJlX2FydGljbGUucG5nIn0%3D\">\n\t\t\t\t\t\t\t<img fetchpriority=\"high\" decoding=\"async\" width=\"1536\" height=\"864\" src=\"https:\/\/savoie-argentine.org\/wp-content\/uploads\/2025\/09\/03_ecrire_article.png\" class=\"elementor-animation-bounce-in attachment-full size-full wp-image-3410\" alt=\"\" srcset=\"https:\/\/savoie-argentine.org\/wp-content\/uploads\/2025\/09\/03_ecrire_article.png 1536w, https:\/\/savoie-argentine.org\/wp-content\/uploads\/2025\/09\/03_ecrire_article-300x169.png 300w, https:\/\/savoie-argentine.org\/wp-content\/uploads\/2025\/09\/03_ecrire_article-1024x576.png 1024w, https:\/\/savoie-argentine.org\/wp-content\/uploads\/2025\/09\/03_ecrire_article-768x432.png 768w, https:\/\/savoie-argentine.org\/wp-content\/uploads\/2025\/09\/03_ecrire_article-1320x743.png 1320w\" sizes=\"(max-width: 1536px) 100vw, 1536px\" \/>\t\t\t\t\t\t\t\t<\/a>\n\t\t\t\t\t\t\t\t\t\t\t\t\t\t\t<\/div>\n\t\t\t\t\t<\/div>\n\t\t\t\t<\/div>\n\t\t<div class=\"elementor-element elementor-element-a292a7e e-flex e-con-boxed e-con e-parent\" data-id=\"a292a7e\" data-element_type=\"container\" data-e-type=\"container\">\n\t\t\t\t\t<div class=\"e-con-inner\">\n\t\t\t\t<div class=\"elementor-element elementor-element-113f8a8 elementor-widget elementor-widget-text-editor\" data-id=\"113f8a8\" data-element_type=\"widget\" data-e-type=\"widget\" data-widget_type=\"text-editor.default\">\n\t\t\t\t\t\t\t\t\t<p>Cada art\u00edculo propuesto ser\u00e1 verificado y modificado, si es necesario, antes de su posible publicaci\u00f3n en l\u00ednea.<br>Solo la asociaci\u00f3n valida la publicaci\u00f3n o no de un art\u00edculo.<\/p>\t\t\t\t\t\t\t\t<\/div>\n\t\t\t\t\t<\/div>\n\t\t\t\t<\/div>\n\t\t<div class=\"elementor-element elementor-element-ef01860 e-flex e-con-boxed e-con e-parent\" data-id=\"ef01860\" data-element_type=\"container\" data-e-type=\"container\">\n\t\t\t\t\t<div class=\"e-con-inner\">\n\t\t\t\t<div class=\"elementor-element elementor-element-fcdb04a elementor-widget elementor-widget-text-editor\" data-id=\"fcdb04a\" data-element_type=\"widget\" data-e-type=\"widget\" data-widget_type=\"text-editor.default\">\n\t\t\t\t\t\t\t\t\t<p> [ninja_form id=\u00bb3&#8243;]<\/p>\t\t\t\t\t\t\t\t<\/div>\n\t\t\t\t\t<\/div>\n\t\t\t\t<\/div>\n\t\t\t\t<\/div>\n\t\t","protected":false},"excerpt":{"rendered":"<p>Cada art\u00edculo propuesto ser\u00e1 verificado y modificado, si es necesario, antes de su posible publicaci\u00f3n en l\u00ednea.Solo la asociaci\u00f3n valida la publicaci\u00f3n o no de un art\u00edculo. [ninja_form id=\u00bb3&#8243;]<\/p>\n","protected":false},"author":1,"featured_media":0,"parent":3438,"menu_order":0,"comment_status":"closed","ping_status":"closed","template":"","meta":{"iawp_total_views":51,"footnotes":""},"folder":[],"class_list":["post-3407","page","type-page","status-publish","hentry"],"_links":{"self":[{"href":"https:\/\/savoie-argentine.org\/es\/wp-json\/wp\/v2\/pages\/3407","targetHints":{"allow":["GET"]}}],"collection":[{"href":"https:\/\/savoie-argentine.org\/es\/wp-json\/wp\/v2\/pages"}],"about":[{"href":"https:\/\/savoie-argentine.org\/es\/wp-json\/wp\/v2\/types\/page"}],"author":[{"embeddable":true,"href":"https:\/\/savoie-argentine.org\/es\/wp-json\/wp\/v2\/users\/1"}],"replies":[{"embeddable":true,"href":"https:\/\/savoie-argentine.org\/es\/wp-json\/wp\/v2\/comments?post=3407"}],"version-history":[{"count":5,"href":"https:\/\/savoie-argentine.org\/es\/wp-json\/wp\/v2\/pages\/3407\/revisions"}],"predecessor-version":[{"id":5945,"href":"https:\/\/savoie-argentine.org\/es\/wp-json\/wp\/v2\/pages\/3407\/revisions\/5945"}],"up":[{"embeddable":true,"href":"https:\/\/savoie-argentine.org\/es\/wp-json\/wp\/v2\/pages\/3438"}],"wp:attachment":[{"href":"https:\/\/savoie-argentine.org\/es\/wp-json\/wp\/v2\/media?parent=3407"}],"wp:term":[{"taxonomy":"folder","embeddable":true,"href":"https:\/\/savoie-argentine.org\/es\/wp-json\/wp\/v2\/folder?post=3407"}],"curies":[{"name":"wp","href":"https:\/\/api.w.org\/{rel}","templated":true}]}}