{"id":3438,"date":"2025-07-23T22:24:43","date_gmt":"2025-07-23T20:24:43","guid":{"rendered":"https:\/\/savoie-argentine.org\/contactenos\/"},"modified":"2026-01-31T19:06:22","modified_gmt":"2026-01-31T18:06:22","slug":"contactenos","status":"publish","type":"page","link":"https:\/\/savoie-argentine.org\/es\/contactenos\/","title":{"rendered":"Cont\u00e1ctenos"},"content":{"rendered":"\t\t<div data-elementor-type=\"wp-page\" data-elementor-id=\"3438\" class=\"elementor elementor-3438 elementor-235\">\n\t\t\t\t<div class=\"elementor-element elementor-element-61702351 e-transform e-transform e-transform e-flex e-con-boxed e-con e-parent\" data-id=\"61702351\" data-element_type=\"container\" data-e-type=\"container\" data-settings=\"{&quot;background_background&quot;:&quot;classic&quot;,&quot;animation&quot;:&quot;none&quot;,&quot;_transform_translateX_effect&quot;:{&quot;unit&quot;:&quot;px&quot;,&quot;size&quot;:207,&quot;sizes&quot;:[]},&quot;_transform_scale_effect&quot;:{&quot;unit&quot;:&quot;px&quot;,&quot;size&quot;:0.5,&quot;sizes&quot;:[]},&quot;_transform_translateX_effect_tablet&quot;:{&quot;unit&quot;:&quot;px&quot;,&quot;size&quot;:&quot;&quot;,&quot;sizes&quot;:[]},&quot;_transform_translateX_effect_mobile&quot;:{&quot;unit&quot;:&quot;px&quot;,&quot;size&quot;:&quot;&quot;,&quot;sizes&quot;:[]},&quot;_transform_translateY_effect&quot;:{&quot;unit&quot;:&quot;px&quot;,&quot;size&quot;:&quot;&quot;,&quot;sizes&quot;:[]},&quot;_transform_translateY_effect_tablet&quot;:{&quot;unit&quot;:&quot;px&quot;,&quot;size&quot;:&quot;&quot;,&quot;sizes&quot;:[]},&quot;_transform_translateY_effect_mobile&quot;:{&quot;unit&quot;:&quot;px&quot;,&quot;size&quot;:&quot;&quot;,&quot;sizes&quot;:[]},&quot;_transform_scale_effect_tablet&quot;:{&quot;unit&quot;:&quot;px&quot;,&quot;size&quot;:&quot;&quot;,&quot;sizes&quot;:[]},&quot;_transform_scale_effect_mobile&quot;:{&quot;unit&quot;:&quot;px&quot;,&quot;size&quot;:&quot;&quot;,&quot;sizes&quot;:[]},&quot;_transform_skewX_effect&quot;:{&quot;unit&quot;:&quot;px&quot;,&quot;size&quot;:&quot;&quot;,&quot;sizes&quot;:[]},&quot;_transform_skewX_effect_tablet&quot;:{&quot;unit&quot;:&quot;deg&quot;,&quot;size&quot;:&quot;&quot;,&quot;sizes&quot;:[]},&quot;_transform_skewX_effect_mobile&quot;:{&quot;unit&quot;:&quot;deg&quot;,&quot;size&quot;:&quot;&quot;,&quot;sizes&quot;:[]},&quot;_transform_skewY_effect&quot;:{&quot;unit&quot;:&quot;px&quot;,&quot;size&quot;:&quot;&quot;,&quot;sizes&quot;:[]},&quot;_transform_skewY_effect_tablet&quot;:{&quot;unit&quot;:&quot;deg&quot;,&quot;size&quot;:&quot;&quot;,&quot;sizes&quot;:[]},&quot;_transform_skewY_effect_mobile&quot;:{&quot;unit&quot;:&quot;deg&quot;,&quot;size&quot;:&quot;&quot;,&quot;sizes&quot;:[]}}\">\n\t\t\t\t\t<div class=\"e-con-inner\">\n\t\t\t\t<div class=\"elementor-element elementor-element-ff4c180 elementor-widget elementor-widget-image\" data-id=\"ff4c180\" data-element_type=\"widget\" data-e-type=\"widget\" data-widget_type=\"image.default\">\n\t\t\t\t\t\t\t\t\t\t\t\t\t\t\t<img fetchpriority=\"high\" decoding=\"async\" width=\"1024\" height=\"576\" src=\"https:\/\/savoie-argentine.org\/wp-content\/uploads\/2025\/09\/01_carte_monde-1024x576.png\" class=\"elementor-animation-bounce-in attachment-large size-large wp-image-3439\" alt=\"\" srcset=\"https:\/\/savoie-argentine.org\/wp-content\/uploads\/2025\/09\/01_carte_monde-1024x576.png 1024w, https:\/\/savoie-argentine.org\/wp-content\/uploads\/2025\/09\/01_carte_monde-300x169.png 300w, https:\/\/savoie-argentine.org\/wp-content\/uploads\/2025\/09\/01_carte_monde-768x432.png 768w, https:\/\/savoie-argentine.org\/wp-content\/uploads\/2025\/09\/01_carte_monde-1320x743.png 1320w, https:\/\/savoie-argentine.org\/wp-content\/uploads\/2025\/09\/01_carte_monde.png 1536w\" sizes=\"(max-width: 1024px) 100vw, 1024px\" \/>\t\t\t\t\t\t\t\t\t\t\t\t\t\t\t<\/div>\n\t\t\t\t\t<\/div>\n\t\t\t\t<\/div>\n\t\t<div class=\"elementor-element elementor-element-fe3ded6 e-flex e-con-boxed e-con e-parent\" data-id=\"fe3ded6\" data-element_type=\"container\" data-e-type=\"container\" data-settings=\"{&quot;animation&quot;:&quot;none&quot;}\">\n\t\t\t\t\t<div class=\"e-con-inner\">\n\t\t\t\t<div class=\"elementor-element elementor-element-7a228f2 elementor-widget elementor-widget-text-editor\" data-id=\"7a228f2\" data-element_type=\"widget\" data-e-type=\"widget\" data-widget_type=\"text-editor.default\">\n\t\t\t\t\t\t\t\t\t<p><a href=\"https:\/\/savoie-argentine.org\/index.php\/contactez-nous\/adhesion\/\"><span style=\"text-decoration: underline;\">Adhesi\u00f3n<\/span><\/a><br>Formulario para adherirse a la asociaci\u00f3n Savoie Argentine<\/p>\t\t\t\t\t\t\t\t<\/div>\n\t\t\t\t\t<\/div>\n\t\t\t\t<\/div>\n\t\t<div class=\"elementor-element elementor-element-725972d e-flex e-con-boxed e-con e-parent\" data-id=\"725972d\" data-element_type=\"container\" data-e-type=\"container\">\n\t\t\t\t\t<div class=\"e-con-inner\">\n\t\t\t\t<div class=\"elementor-element elementor-element-8a37eea elementor-widget elementor-widget-text-editor\" data-id=\"8a37eea\" data-element_type=\"widget\" data-e-type=\"widget\" data-widget_type=\"text-editor.default\">\n\t\t\t\t\t\t\t\t\t<p><a href=\"https:\/\/savoie-argentine.org\/es\/contactenos\/suscribase\/\"><span style=\"text-decoration: underline;\">Bolet\u00edn informativo<\/span><\/a><br>Formulario para recibir un correo electr\u00f3nico cada vez que se publique un nuevo art\u00edculo en el sitio <a href=\"https:\/\/savoie-argentine.org\/es\/\" target=\"_blank\" rel=\"noopener\"><span style=\"text-decoration: underline;\">Savoie-Argentine.org<\/span><\/a><\/p>\t\t\t\t\t\t\t\t<\/div>\n\t\t\t\t\t<\/div>\n\t\t\t\t<\/div>\n\t\t<div class=\"elementor-element elementor-element-ddfea90 e-flex e-con-boxed e-con e-parent\" data-id=\"ddfea90\" data-element_type=\"container\" data-e-type=\"container\">\n\t\t\t\t\t<div class=\"e-con-inner\">\n\t\t\t\t<div class=\"elementor-element elementor-element-c61c4e0 elementor-widget elementor-widget-text-editor\" data-id=\"c61c4e0\" data-element_type=\"widget\" data-e-type=\"widget\" data-widget_type=\"text-editor.default\">\n\t\t\t\t\t\t\t\t\t<p><a href=\"https:\/\/savoie-argentine.org\/es\/contactenos\/informacion\/\"><span style=\"text-decoration: underline;\">Informaci\u00f3n<\/span><\/a><br>Formulario para sus solicitudes de informaci\u00f3n sobre la asociaci\u00f3n<\/p>\t\t\t\t\t\t\t\t<\/div>\n\t\t\t\t\t<\/div>\n\t\t\t\t<\/div>\n\t\t<div class=\"elementor-element elementor-element-0770b8b e-flex e-con-boxed e-con e-parent\" data-id=\"0770b8b\" data-element_type=\"container\" data-e-type=\"container\">\n\t\t\t\t\t<div class=\"e-con-inner\">\n\t\t\t\t<div class=\"elementor-element elementor-element-2dfcde0 elementor-widget elementor-widget-text-editor\" data-id=\"2dfcde0\" data-element_type=\"widget\" data-e-type=\"widget\" data-widget_type=\"text-editor.default\">\n\t\t\t\t\t\t\t\t\t<p><a href=\"https:\/\/savoie-argentine.org\/es\/contactenos\/escribir-un-articulo\/\"><span style=\"text-decoration: underline;\">Escribir un art\u00edculo<\/span><\/a><br>Formulario para transmitirnos un art\u00edculo para publicar en la secci\u00f3n de noticias del sitio<\/p>\t\t\t\t\t\t\t\t<\/div>\n\t\t\t\t\t<\/div>\n\t\t\t\t<\/div>\n\t\t<div class=\"elementor-element elementor-element-9a115fb e-flex e-con-boxed e-con e-parent\" data-id=\"9a115fb\" data-element_type=\"container\" data-e-type=\"container\">\n\t\t\t\t\t<div class=\"e-con-inner\">\n\t\t\t\t<div class=\"elementor-element elementor-element-cedba09 elementor-widget elementor-widget-text-editor\" data-id=\"cedba09\" data-element_type=\"widget\" data-e-type=\"widget\" data-widget_type=\"text-editor.default\">\n\t\t\t\t\t\t\t\t\t<p><a href=\"https:\/\/savoie-argentine.org\/es\/contactenos\/involucrarse\/\"><span style=\"text-decoration: underline;\">Involucrarse en la asociaci\u00f3n<\/span><\/a><br>La asociaci\u00f3n abre sus puertas a todas las personas que deseen participar activamente en la asociaci\u00f3n<\/p>\t\t\t\t\t\t\t\t<\/div>\n\t\t\t\t\t<\/div>\n\t\t\t\t<\/div>\n\t\t<div class=\"elementor-element elementor-element-b6bf1c7 e-flex e-con-boxed e-con e-parent\" data-id=\"b6bf1c7\" data-element_type=\"container\" data-e-type=\"container\">\n\t\t\t\t\t<div class=\"e-con-inner\">\n\t\t\t\t<div class=\"elementor-element elementor-element-9579aa0 elementor-widget elementor-widget-spacer\" data-id=\"9579aa0\" data-element_type=\"widget\" data-e-type=\"widget\" data-widget_type=\"spacer.default\">\n\t\t\t\t\t\t\t<div class=\"elementor-spacer\">\n\t\t\t<div class=\"elementor-spacer-inner\"><\/div>\n\t\t<\/div>\n\t\t\t\t\t\t<\/div>\n\t\t\t\t\t<\/div>\n\t\t\t\t<\/div>\n\t\t\t\t<\/div>\n\t\t","protected":false},"excerpt":{"rendered":"<p>Adhesi\u00f3nFormulario para adherirse a la asociaci\u00f3n Savoie Argentine Bolet\u00edn informativoFormulario para recibir un correo electr\u00f3nico cada vez que se publique un nuevo art\u00edculo en el sitio Savoie-Argentine.org Informaci\u00f3nFormulario para sus solicitudes de informaci\u00f3n sobre la asociaci\u00f3n Escribir un art\u00edculoFormulario para transmitirnos un art\u00edculo para publicar en la secci\u00f3n de noticias del sitio Involucrarse en la [&hellip;]<\/p>\n","protected":false},"author":1,"featured_media":0,"parent":0,"menu_order":0,"comment_status":"closed","ping_status":"closed","template":"","meta":{"iawp_total_views":7,"footnotes":""},"folder":[],"class_list":["post-3438","page","type-page","status-publish","hentry"],"_links":{"self":[{"href":"https:\/\/savoie-argentine.org\/es\/wp-json\/wp\/v2\/pages\/3438","targetHints":{"allow":["GET"]}}],"collection":[{"href":"https:\/\/savoie-argentine.org\/es\/wp-json\/wp\/v2\/pages"}],"about":[{"href":"https:\/\/savoie-argentine.org\/es\/wp-json\/wp\/v2\/types\/page"}],"author":[{"embeddable":true,"href":"https:\/\/savoie-argentine.org\/es\/wp-json\/wp\/v2\/users\/1"}],"replies":[{"embeddable":true,"href":"https:\/\/savoie-argentine.org\/es\/wp-json\/wp\/v2\/comments?post=3438"}],"version-history":[{"count":8,"href":"https:\/\/savoie-argentine.org\/es\/wp-json\/wp\/v2\/pages\/3438\/revisions"}],"predecessor-version":[{"id":5851,"href":"https:\/\/savoie-argentine.org\/es\/wp-json\/wp\/v2\/pages\/3438\/revisions\/5851"}],"wp:attachment":[{"href":"https:\/\/savoie-argentine.org\/es\/wp-json\/wp\/v2\/media?parent=3438"}],"wp:term":[{"taxonomy":"folder","embeddable":true,"href":"https:\/\/savoie-argentine.org\/es\/wp-json\/wp\/v2\/folder?post=3438"}],"curies":[{"name":"wp","href":"https:\/\/api.w.org\/{rel}","templated":true}]}}