{"id":3444,"date":"2025-07-23T22:21:10","date_gmt":"2025-07-23T20:21:10","guid":{"rendered":"https:\/\/savoie-argentine.org\/la-asociacion-savoie-argentine\/"},"modified":"2026-01-31T19:17:39","modified_gmt":"2026-01-31T18:17:39","slug":"la-asociacion-savoie-argentine","status":"publish","type":"page","link":"https:\/\/savoie-argentine.org\/es\/la-asociacion-savoie-argentine\/","title":{"rendered":"La Asociaci\u00f3n Savoie Argentine"},"content":{"rendered":"\t\t<div data-elementor-type=\"wp-page\" data-elementor-id=\"3444\" class=\"elementor elementor-3444 elementor-228\">\n\t\t\t\t<div class=\"elementor-element elementor-element-78aa3f2 e-transform e-transform e-flex e-con-boxed e-con e-parent\" data-id=\"78aa3f2\" data-element_type=\"container\" data-e-type=\"container\" data-settings=\"{&quot;background_background&quot;:&quot;classic&quot;,&quot;_transform_translateX_effect&quot;:{&quot;unit&quot;:&quot;px&quot;,&quot;size&quot;:207,&quot;sizes&quot;:[]},&quot;_transform_scale_effect&quot;:{&quot;unit&quot;:&quot;px&quot;,&quot;size&quot;:0.5,&quot;sizes&quot;:[]},&quot;_transform_translateX_effect_tablet&quot;:{&quot;unit&quot;:&quot;px&quot;,&quot;size&quot;:&quot;&quot;,&quot;sizes&quot;:[]},&quot;_transform_translateX_effect_mobile&quot;:{&quot;unit&quot;:&quot;px&quot;,&quot;size&quot;:&quot;&quot;,&quot;sizes&quot;:[]},&quot;_transform_translateY_effect&quot;:{&quot;unit&quot;:&quot;px&quot;,&quot;size&quot;:&quot;&quot;,&quot;sizes&quot;:[]},&quot;_transform_translateY_effect_tablet&quot;:{&quot;unit&quot;:&quot;px&quot;,&quot;size&quot;:&quot;&quot;,&quot;sizes&quot;:[]},&quot;_transform_translateY_effect_mobile&quot;:{&quot;unit&quot;:&quot;px&quot;,&quot;size&quot;:&quot;&quot;,&quot;sizes&quot;:[]},&quot;_transform_scale_effect_tablet&quot;:{&quot;unit&quot;:&quot;px&quot;,&quot;size&quot;:&quot;&quot;,&quot;sizes&quot;:[]},&quot;_transform_scale_effect_mobile&quot;:{&quot;unit&quot;:&quot;px&quot;,&quot;size&quot;:&quot;&quot;,&quot;sizes&quot;:[]}}\">\n\t\t\t\t\t<div class=\"e-con-inner\">\n\t\t\t\t<div class=\"elementor-element elementor-element-a8f2ad4 elementor-widget elementor-widget-image\" data-id=\"a8f2ad4\" data-element_type=\"widget\" data-e-type=\"widget\" data-widget_type=\"image.default\">\n\t\t\t\t\t\t\t\t\t\t\t\t\t\t\t\t<a href=\"https:\/\/savoie-argentine.org\/wp-content\/uploads\/2025\/09\/Savoie_Argentine_Bernex_001_28-mars-2025-scaled-1.jpg\" data-elementor-open-lightbox=\"yes\" data-elementor-lightbox-title=\"Savoie_Argentine_Bernex_001_28-mars-2025-scaled.jpg\" data-e-action-hash=\"#elementor-action%3Aaction%3Dlightbox%26settings%3DeyJpZCI6MzQ0NywidXJsIjoiaHR0cHM6XC9cL3Nhdm9pZS1hcmdlbnRpbmUub3JnXC93cC1jb250ZW50XC91cGxvYWRzXC8yMDI1XC8wOVwvU2F2b2llX0FyZ2VudGluZV9CZXJuZXhfMDAxXzI4LW1hcnMtMjAyNS1zY2FsZWQtMS5qcGcifQ%3D%3D\">\n\t\t\t\t\t\t\t<img fetchpriority=\"high\" decoding=\"async\" width=\"2560\" height=\"1707\" src=\"https:\/\/savoie-argentine.org\/wp-content\/uploads\/2025\/09\/Savoie_Argentine_Bernex_001_28-mars-2025-scaled-1.jpg\" class=\"elementor-animation-bounce-in attachment-full size-full wp-image-3447\" alt=\"\" srcset=\"https:\/\/savoie-argentine.org\/wp-content\/uploads\/2025\/09\/Savoie_Argentine_Bernex_001_28-mars-2025-scaled-1.jpg 2560w, https:\/\/savoie-argentine.org\/wp-content\/uploads\/2025\/09\/Savoie_Argentine_Bernex_001_28-mars-2025-scaled-1-300x200.jpg 300w, https:\/\/savoie-argentine.org\/wp-content\/uploads\/2025\/09\/Savoie_Argentine_Bernex_001_28-mars-2025-scaled-1-1024x683.jpg 1024w, https:\/\/savoie-argentine.org\/wp-content\/uploads\/2025\/09\/Savoie_Argentine_Bernex_001_28-mars-2025-scaled-1-768x512.jpg 768w, https:\/\/savoie-argentine.org\/wp-content\/uploads\/2025\/09\/Savoie_Argentine_Bernex_001_28-mars-2025-scaled-1-1536x1024.jpg 1536w, https:\/\/savoie-argentine.org\/wp-content\/uploads\/2025\/09\/Savoie_Argentine_Bernex_001_28-mars-2025-scaled-1-2048x1366.jpg 2048w, https:\/\/savoie-argentine.org\/wp-content\/uploads\/2025\/09\/Savoie_Argentine_Bernex_001_28-mars-2025-scaled-1-1320x880.jpg 1320w\" sizes=\"(max-width: 2560px) 100vw, 2560px\" \/>\t\t\t\t\t\t\t\t<\/a>\n\t\t\t\t\t\t\t\t\t\t\t\t\t\t\t<\/div>\n\t\t\t\t\t<\/div>\n\t\t\t\t<\/div>\n\t\t<div class=\"elementor-element elementor-element-28308da e-flex e-con-boxed e-con e-parent\" data-id=\"28308da\" data-element_type=\"container\" data-e-type=\"container\">\n\t\t\t\t\t<div class=\"e-con-inner\">\n\t\t\t\t<div class=\"elementor-element elementor-element-57edc24 elementor-widget elementor-widget-text-editor\" data-id=\"57edc24\" data-element_type=\"widget\" data-e-type=\"widget\" data-widget_type=\"text-editor.default\">\n\t\t\t\t\t\t\t\t\t<p><a href=\"https:\/\/savoie-argentine.org\/contactez-nous\/adhesion\/adhesion-renouvellement\/\"><span style=\"text-decoration: underline;\">Adhesi\u00f3n &gt;&gt;&gt;<\/span><\/a><br \/>\u00bfDesea informaci\u00f3n sobre la asociaci\u00f3n? <a href=\"https:\/\/savoie-argentine.org\/es\/contactenos\/informacion\/\" rel=\"noopener\"><span style=\"text-decoration: underline;\">es aqu\u00ed &gt;&gt;&gt;<\/span><\/a><\/p>\t\t\t\t\t\t\t\t<\/div>\n\t\t\t\t\t<\/div>\n\t\t\t\t<\/div>\n\t\t<div class=\"elementor-element elementor-element-63e6cec e-flex e-con-boxed e-con e-parent\" data-id=\"63e6cec\" data-element_type=\"container\" data-e-type=\"container\">\n\t\t\t\t\t<div class=\"e-con-inner\">\n\t\t\t\t<div class=\"elementor-element elementor-element-a0d8dfc elementor-widget elementor-widget-read-more\" data-id=\"a0d8dfc\" data-element_type=\"widget\" data-e-type=\"widget\" data-widget_type=\"read-more.default\">\n\t\t\t\t\t<\/div><\/div><\/div><\/div> <a href=\"https:\/\/savoie-argentine.org\/es\/la-asociacion-savoie-argentine\/\" class=\"more-link elementor-more-link\"><span aria-label=\"Sigue leyendo La Asociaci\u00f3n Savoie Argentine\">Seguir leyendo<\/span><\/a>","protected":false},"excerpt":{"rendered":"<p>Adhesi\u00f3n &gt;&gt;&gt;\u00bfDesea informaci\u00f3n sobre la asociaci\u00f3n? es aqu\u00ed &gt;&gt;&gt;<\/p>\n","protected":false},"author":1,"featured_media":3446,"parent":0,"menu_order":0,"comment_status":"closed","ping_status":"closed","template":"","meta":{"iawp_total_views":9,"footnotes":""},"folder":[],"class_list":["post-3444","page","type-page","status-publish","has-post-thumbnail","hentry"],"_links":{"self":[{"href":"https:\/\/savoie-argentine.org\/es\/wp-json\/wp\/v2\/pages\/3444","targetHints":{"allow":["GET"]}}],"collection":[{"href":"https:\/\/savoie-argentine.org\/es\/wp-json\/wp\/v2\/pages"}],"about":[{"href":"https:\/\/savoie-argentine.org\/es\/wp-json\/wp\/v2\/types\/page"}],"author":[{"embeddable":true,"href":"https:\/\/savoie-argentine.org\/es\/wp-json\/wp\/v2\/users\/1"}],"replies":[{"embeddable":true,"href":"https:\/\/savoie-argentine.org\/es\/wp-json\/wp\/v2\/comments?post=3444"}],"version-history":[{"count":2,"href":"https:\/\/savoie-argentine.org\/es\/wp-json\/wp\/v2\/pages\/3444\/revisions"}],"predecessor-version":[{"id":5877,"href":"https:\/\/savoie-argentine.org\/es\/wp-json\/wp\/v2\/pages\/3444\/revisions\/5877"}],"wp:featuredmedia":[{"embeddable":true,"href":"https:\/\/savoie-argentine.org\/es\/wp-json\/wp\/v2\/media\/3446"}],"wp:attachment":[{"href":"https:\/\/savoie-argentine.org\/es\/wp-json\/wp\/v2\/media?parent=3444"}],"wp:term":[{"taxonomy":"folder","embeddable":true,"href":"https:\/\/savoie-argentine.org\/es\/wp-json\/wp\/v2\/folder?post=3444"}],"curies":[{"name":"wp","href":"https:\/\/api.w.org\/{rel}","templated":true}]}}